{"id":37,"date":"2020-04-27T12:21:17","date_gmt":"2020-04-27T12:21:17","guid":{"rendered":"https:\/\/stockholm25.qodeinteractive.com\/?page_id=37"},"modified":"2024-07-03T16:19:14","modified_gmt":"2024-07-03T14:19:14","slug":"about","status":"publish","type":"page","link":"https:\/\/decorcenterliege.com\/","title":{"rendered":"A propos"},"content":{"rendered":"\t\t<div data-elementor-type=\"wp-page\" data-elementor-id=\"37\" class=\"elementor elementor-37\">\n\t\t\t\t\t\t<section class=\"elementor-section elementor-top-section elementor-element elementor-element-32b50889 elementor-section-boxed elementor-section-height-default elementor-section-height-default\" data-id=\"32b50889\" data-element_type=\"section\">\n\t\t\t\t\t\t<div class=\"elementor-container elementor-column-gap-default\">\n\t\t\t\t\t<div class=\"elementor-column elementor-col-100 elementor-top-column elementor-element elementor-element-63afc959\" data-id=\"63afc959\" data-element_type=\"column\">\n\t\t\t<div class=\"elementor-widget-wrap elementor-element-populated\">\n\t\t\t\t\t\t<div class=\"elementor-element elementor-element-4e5b1cb5 elementor-widget elementor-widget-text-editor\" data-id=\"4e5b1cb5\" data-element_type=\"widget\" data-widget_type=\"text-editor.default\">\n\t\t\t\t<div class=\"elementor-widget-container\">\n\t\t\t<style>\/*! elementor - v3.22.0 - 26-06-2024 *\/\n.elementor-widget-text-editor.elementor-drop-cap-view-stacked .elementor-drop-cap{background-color:#69727d;color:#fff}.elementor-widget-text-editor.elementor-drop-cap-view-framed .elementor-drop-cap{color:#69727d;border:3px solid;background-color:transparent}.elementor-widget-text-editor:not(.elementor-drop-cap-view-default) .elementor-drop-cap{margin-top:8px}.elementor-widget-text-editor:not(.elementor-drop-cap-view-default) .elementor-drop-cap-letter{width:1em;height:1em}.elementor-widget-text-editor .elementor-drop-cap{float:left;text-align:center;line-height:1;font-size:50px}.elementor-widget-text-editor .elementor-drop-cap-letter{display:inline-block}<\/style>\t\t\t\t<h2>Tout pour votre d\u00e9co !<\/h2>\t\t\t\t\t\t<\/div>\n\t\t\t\t<\/div>\n\t\t\t\t<div class=\"elementor-element elementor-element-57c312cf elementor-widget elementor-widget-text-editor\" data-id=\"57c312cf\" data-element_type=\"widget\" data-widget_type=\"text-editor.default\">\n\t\t\t\t<div class=\"elementor-widget-container\">\n\t\t\t\t\t\t\t<h5>Decor Center<\/h5>\t\t\t\t\t\t<\/div>\n\t\t\t\t<\/div>\n\t\t\t\t\t<\/div>\n\t\t<\/div>\n\t\t\t\t\t<\/div>\n\t\t<\/section>\n\t\t\t\t<section class=\"elementor-section elementor-top-section elementor-element elementor-element-24942b2 elementor-section-boxed elementor-section-height-default elementor-section-height-default\" data-id=\"24942b2\" data-element_type=\"section\">\n\t\t\t\t\t\t<div class=\"elementor-container elementor-column-gap-default\">\n\t\t\t\t\t<div class=\"elementor-column elementor-col-100 elementor-top-column elementor-element elementor-element-8623192\" data-id=\"8623192\" data-element_type=\"column\">\n\t\t\t<div class=\"elementor-widget-wrap elementor-element-populated\">\n\t\t\t\t\t\t<div class=\"elementor-element elementor-element-baf8ff6 elementor-widget elementor-widget-image\" data-id=\"baf8ff6\" data-element_type=\"widget\" data-widget_type=\"image.default\">\n\t\t\t\t<div class=\"elementor-widget-container\">\n\t\t\t<style>\/*! elementor - v3.22.0 - 26-06-2024 *\/\n.elementor-widget-image{text-align:center}.elementor-widget-image a{display:inline-block}.elementor-widget-image a img[src$=\".svg\"]{width:48px}.elementor-widget-image img{vertical-align:middle;display:inline-block}<\/style>\t\t\t\t\t\t\t\t\t\t<img fetchpriority=\"high\" decoding=\"async\" width=\"1300\" height=\"560\" src=\"https:\/\/decorcenterliege.com\/wp-content\/uploads\/2023\/06\/apropos.jpg\" class=\"attachment-full size-full wp-image-963\" alt=\"\" srcset=\"https:\/\/decorcenterliege.com\/wp-content\/uploads\/2023\/06\/apropos.jpg 1300w, https:\/\/decorcenterliege.com\/wp-content\/uploads\/2023\/06\/apropos-300x129.jpg 300w, https:\/\/decorcenterliege.com\/wp-content\/uploads\/2023\/06\/apropos-1024x441.jpg 1024w, https:\/\/decorcenterliege.com\/wp-content\/uploads\/2023\/06\/apropos-768x331.jpg 768w, https:\/\/decorcenterliege.com\/wp-content\/uploads\/2023\/06\/apropos-700x302.jpg 700w, https:\/\/decorcenterliege.com\/wp-content\/uploads\/2023\/06\/apropos-1100x474.jpg 1100w, https:\/\/decorcenterliege.com\/wp-content\/uploads\/2023\/06\/apropos-600x258.jpg 600w\" sizes=\"(max-width: 1300px) 100vw, 1300px\" \/>\t\t\t\t\t\t\t\t\t\t\t\t\t<\/div>\n\t\t\t\t<\/div>\n\t\t\t\t\t<\/div>\n\t\t<\/div>\n\t\t\t\t\t<\/div>\n\t\t<\/section>\n\t\t\t\t<section class=\"elementor-section elementor-top-section elementor-element elementor-element-bff469e elementor-section-boxed elementor-section-height-default elementor-section-height-default\" data-id=\"bff469e\" data-element_type=\"section\">\n\t\t\t\t\t\t<div class=\"elementor-container elementor-column-gap-default\">\n\t\t\t\t\t<div class=\"elementor-column elementor-col-100 elementor-top-column elementor-element elementor-element-0c360e5\" data-id=\"0c360e5\" data-element_type=\"column\">\n\t\t\t<div class=\"elementor-widget-wrap elementor-element-populated\">\n\t\t\t\t\t\t<div class=\"elementor-element elementor-element-68af989 elementor-widget elementor-widget-text-editor\" data-id=\"68af989\" data-element_type=\"widget\" data-widget_type=\"text-editor.default\">\n\t\t\t\t<div class=\"elementor-widget-container\">\n\t\t\t\t\t\t\t<h3>Ma nouvelle d\u00e9co ? Decor Center l\u2019a !<\/h3>\t\t\t\t\t\t<\/div>\n\t\t\t\t<\/div>\n\t\t\t\t<div class=\"elementor-element elementor-element-f5b8eb9 elementor-widget elementor-widget-text-editor\" data-id=\"f5b8eb9\" data-element_type=\"widget\" data-widget_type=\"text-editor.default\">\n\t\t\t\t<div class=\"elementor-widget-container\">\n\t\t\t\t\t\t\t<h4>Boulevard de Froidmont 20 \u2022 4020 Li\u00e8ge<br \/>04 343 44 66<\/h4>\t\t\t\t\t\t<\/div>\n\t\t\t\t<\/div>\n\t\t\t\t<div class=\"elementor-element elementor-element-b4f5011 elementor-widget elementor-widget-text-editor\" data-id=\"b4f5011\" data-element_type=\"widget\" data-widget_type=\"text-editor.default\">\n\t\t\t\t<div class=\"elementor-widget-container\">\n\t\t\t\t\t\t\t<p>Que ce soit pour le sol, les murs ou l&#8217;am\u00e9nagement int\u00e9rieur, tout ce que vous recherchez, Decor Center l&#8217;a!<\/p>\n<p>Depuis 40 ans, Decor Center r\u00e9alise toutes vos envies, allant de la simple d\u00e9coration d&#8217;int\u00e9rieur jusqu&#8217;\u00e0 la conception d&#8217;habillement de fen\u00eatres, l&#8217;installation de stores, de tentures, rideaux,&#8230;.<\/p>\n<p><\/p>\n<p>Notre magasin vous accueille de 9h \u00e0 18h du lundi au vendredi, de 9h \u00e0 17h le samedi.<\/p>\n<p><\/p>\n<p>Depuis plusieurs g\u00e9n\u00e9rations, Decor Center vous prodigue ses conseils de professionnels de la d\u00e9coration et vous accompagne dans la r\u00e9alisation de vos projets d\u2019embellissement de votre int\u00e9rieur.<\/p>\n<p>Se sentir bien chez soi, \u00e7a tient parfois \u00e0 peu de chose\u2026<\/p>\n<p><\/p>\n<p>Dans son&nbsp;style atypique,&nbsp;loin des magasins format\u00e9s, Decor Center vous offre un choix tellement vaste tant pour le sol, les murs, l\u2019habillage des fen\u00eatres et l\u2019am\u00e9nagement int\u00e9rieur que forc\u00e9ment, l\u2019originalit\u00e9 que vous recherchez, DECOR CENTER L\u2019A !!!!<\/p>\n<p>En effet, DECOR CENTER vous propose non seulement les produits des plus grandes marques mais aussi des in\u00e9dits voire des \u00ab introuvables \u00bb\u2026<\/p>\n<p>Que votre style soit contemporain, rustique ou intemporel, c\u2019est chez DECOR CENTER que vous trouverez le bonheur de votre int\u00e9rieur !<\/p>\n<p><\/p>\n<p>Au plaisir de vous servir !<\/p>\n<p>L\u2019\u00e9quipe DECOR CENTER<\/p>\n<p><\/p>\n<p>Attention &#8211; vitesse limit\u00e9e juste avant le magasin, zone 30 !<\/p>\t\t\t\t\t\t<\/div>\n\t\t\t\t<\/div>\n\t\t\t\t\t<\/div>\n\t\t<\/div>\n\t\t\t\t\t<\/div>\n\t\t<\/section>\n\t\t\t\t<\/div>\n\t\t","protected":false},"excerpt":{"rendered":"<p>Tout pour votre d\u00e9co ! Decor Center Ma nouvelle d\u00e9co ? Decor Center l\u2019a ! Boulevard de Froidmont 20 \u2022 4020 Li\u00e8ge04 343 44 66 Que ce soit pour le sol, les murs ou l&#8217;am\u00e9nagement int\u00e9rieur, tout ce que vous recherchez, Decor Center l&#8217;a! Depuis&#8230;<\/p>\n","protected":false},"author":1,"featured_media":0,"parent":0,"menu_order":0,"comment_status":"closed","ping_status":"closed","template":"full_width.php","meta":{"footnotes":""},"class_list":["post-37","page","type-page","status-publish","hentry"],"_links":{"self":[{"href":"https:\/\/decorcenterliege.com\/index.php\/wp-json\/wp\/v2\/pages\/37","targetHints":{"allow":["GET"]}}],"collection":[{"href":"https:\/\/decorcenterliege.com\/index.php\/wp-json\/wp\/v2\/pages"}],"about":[{"href":"https:\/\/decorcenterliege.com\/index.php\/wp-json\/wp\/v2\/types\/page"}],"author":[{"embeddable":true,"href":"https:\/\/decorcenterliege.com\/index.php\/wp-json\/wp\/v2\/users\/1"}],"replies":[{"embeddable":true,"href":"https:\/\/decorcenterliege.com\/index.php\/wp-json\/wp\/v2\/comments?post=37"}],"version-history":[{"count":14,"href":"https:\/\/decorcenterliege.com\/index.php\/wp-json\/wp\/v2\/pages\/37\/revisions"}],"predecessor-version":[{"id":1229,"href":"https:\/\/decorcenterliege.com\/index.php\/wp-json\/wp\/v2\/pages\/37\/revisions\/1229"}],"wp:attachment":[{"href":"https:\/\/decorcenterliege.com\/index.php\/wp-json\/wp\/v2\/media?parent=37"}],"curies":[{"name":"wp","href":"https:\/\/api.w.org\/{rel}","templated":true}]}}