{"id":570,"date":"2023-06-20T15:27:23","date_gmt":"2023-06-20T13:27:23","guid":{"rendered":"https:\/\/decorcenterliege.com\/?page_id=570"},"modified":"2023-06-27T15:14:46","modified_gmt":"2023-06-27T13:14:46","slug":"quincaillerie","status":"publish","type":"page","link":"https:\/\/decorcenterliege.com\/index.php\/quincaillerie\/","title":{"rendered":"Quincaillerie"},"content":{"rendered":"\t\t<div data-elementor-type=\"wp-page\" data-elementor-id=\"570\" class=\"elementor elementor-570\">\n\t\t\t\t\t\t<section class=\"elementor-section elementor-top-section elementor-element elementor-element-3f654f08 elementor-section-boxed elementor-section-height-default elementor-section-height-default\" data-id=\"3f654f08\" data-element_type=\"section\">\n\t\t\t\t\t\t<div class=\"elementor-container elementor-column-gap-default\">\n\t\t\t\t\t<div class=\"elementor-column elementor-col-100 elementor-top-column elementor-element elementor-element-3fccdeef\" data-id=\"3fccdeef\" data-element_type=\"column\">\n\t\t\t<div class=\"elementor-widget-wrap elementor-element-populated\">\n\t\t\t\t\t\t\t<\/div>\n\t\t<\/div>\n\t\t\t\t\t<\/div>\n\t\t<\/section>\n\t\t\t\t<section class=\"elementor-section elementor-top-section elementor-element elementor-element-56db68c9 elementor-section-boxed elementor-section-height-default elementor-section-height-default\" data-id=\"56db68c9\" data-element_type=\"section\">\n\t\t\t\t\t\t<div class=\"elementor-container elementor-column-gap-default\">\n\t\t\t\t\t<div class=\"elementor-column elementor-col-100 elementor-top-column elementor-element elementor-element-3aaae6c2\" data-id=\"3aaae6c2\" data-element_type=\"column\">\n\t\t\t<div class=\"elementor-widget-wrap elementor-element-populated\">\n\t\t\t\t\t\t<div class=\"elementor-element elementor-element-3e647537 elementor-widget elementor-widget-text-editor\" data-id=\"3e647537\" data-element_type=\"widget\" data-widget_type=\"text-editor.default\">\n\t\t\t\t<div class=\"elementor-widget-container\">\n\t\t\t<style>\/*! elementor - v3.22.0 - 26-06-2024 *\/\n.elementor-widget-text-editor.elementor-drop-cap-view-stacked .elementor-drop-cap{background-color:#69727d;color:#fff}.elementor-widget-text-editor.elementor-drop-cap-view-framed .elementor-drop-cap{color:#69727d;border:3px solid;background-color:transparent}.elementor-widget-text-editor:not(.elementor-drop-cap-view-default) .elementor-drop-cap{margin-top:8px}.elementor-widget-text-editor:not(.elementor-drop-cap-view-default) .elementor-drop-cap-letter{width:1em;height:1em}.elementor-widget-text-editor .elementor-drop-cap{float:left;text-align:center;line-height:1;font-size:50px}.elementor-widget-text-editor .elementor-drop-cap-letter{display:inline-block}<\/style>\t\t\t\t<h2>Quincaillerie<\/h2>\t\t\t\t\t\t<\/div>\n\t\t\t\t<\/div>\n\t\t\t\t\t<\/div>\n\t\t<\/div>\n\t\t\t\t\t<\/div>\n\t\t<\/section>\n\t\t\t\t<section class=\"elementor-section elementor-top-section elementor-element elementor-element-29f353c3 elementor-section-boxed elementor-section-height-default elementor-section-height-default\" data-id=\"29f353c3\" data-element_type=\"section\">\n\t\t\t\t\t\t<div class=\"elementor-container elementor-column-gap-default\">\n\t\t\t\t\t<div class=\"elementor-column elementor-col-100 elementor-top-column elementor-element elementor-element-7703ce31\" data-id=\"7703ce31\" data-element_type=\"column\">\n\t\t\t<div class=\"elementor-widget-wrap elementor-element-populated\">\n\t\t\t\t\t\t<div class=\"elementor-element elementor-element-5abbd2ff elementor-widget elementor-widget-image\" data-id=\"5abbd2ff\" data-element_type=\"widget\" data-widget_type=\"image.default\">\n\t\t\t\t<div class=\"elementor-widget-container\">\n\t\t\t<style>\/*! elementor - v3.22.0 - 26-06-2024 *\/\n.elementor-widget-image{text-align:center}.elementor-widget-image a{display:inline-block}.elementor-widget-image a img[src$=\".svg\"]{width:48px}.elementor-widget-image img{vertical-align:middle;display:inline-block}<\/style>\t\t\t\t\t\t\t\t\t\t<img fetchpriority=\"high\" decoding=\"async\" width=\"1300\" height=\"440\" src=\"https:\/\/decorcenterliege.com\/wp-content\/uploads\/2023\/06\/quincaillerie_page.jpg\" class=\"attachment-full size-full wp-image-925\" alt=\"\" srcset=\"https:\/\/decorcenterliege.com\/wp-content\/uploads\/2023\/06\/quincaillerie_page.jpg 1300w, https:\/\/decorcenterliege.com\/wp-content\/uploads\/2023\/06\/quincaillerie_page-300x102.jpg 300w, https:\/\/decorcenterliege.com\/wp-content\/uploads\/2023\/06\/quincaillerie_page-1024x347.jpg 1024w, https:\/\/decorcenterliege.com\/wp-content\/uploads\/2023\/06\/quincaillerie_page-768x260.jpg 768w, https:\/\/decorcenterliege.com\/wp-content\/uploads\/2023\/06\/quincaillerie_page-700x237.jpg 700w, https:\/\/decorcenterliege.com\/wp-content\/uploads\/2023\/06\/quincaillerie_page-1100x372.jpg 1100w, https:\/\/decorcenterliege.com\/wp-content\/uploads\/2023\/06\/quincaillerie_page-600x203.jpg 600w\" sizes=\"(max-width: 1300px) 100vw, 1300px\" \/>\t\t\t\t\t\t\t\t\t\t\t\t\t<\/div>\n\t\t\t\t<\/div>\n\t\t\t\t\t<\/div>\n\t\t<\/div>\n\t\t\t\t\t<\/div>\n\t\t<\/section>\n\t\t\t\t<section class=\"elementor-section elementor-top-section elementor-element elementor-element-75643801 elementor-section-full_width elementor-section-height-default elementor-section-height-default\" data-id=\"75643801\" data-element_type=\"section\">\n\t\t\t\t\t\t<div class=\"elementor-container elementor-column-gap-default\">\n\t\t\t\t\t<div class=\"elementor-column elementor-col-50 elementor-top-column elementor-element elementor-element-46c8ceba\" data-id=\"46c8ceba\" data-element_type=\"column\">\n\t\t\t<div class=\"elementor-widget-wrap elementor-element-populated\">\n\t\t\t\t\t\t<div class=\"elementor-element elementor-element-739aaa90 elementor-widget elementor-widget-image\" data-id=\"739aaa90\" data-element_type=\"widget\" data-widget_type=\"image.default\">\n\t\t\t\t<div class=\"elementor-widget-container\">\n\t\t\t\t\t\t\t\t\t\t\t\t\t<img decoding=\"async\" width=\"700\" height=\"800\" src=\"https:\/\/decorcenterliege.com\/wp-content\/uploads\/2023\/06\/tringles2.jpg\" class=\"attachment-full size-full wp-image-830\" alt=\"\" srcset=\"https:\/\/decorcenterliege.com\/wp-content\/uploads\/2023\/06\/tringles2.jpg 700w, https:\/\/decorcenterliege.com\/wp-content\/uploads\/2023\/06\/tringles2-263x300.jpg 263w, https:\/\/decorcenterliege.com\/wp-content\/uploads\/2023\/06\/tringles2-600x686.jpg 600w\" sizes=\"(max-width: 700px) 100vw, 700px\" \/>\t\t\t\t\t\t\t\t\t\t\t\t\t<\/div>\n\t\t\t\t<\/div>\n\t\t\t\t\t<\/div>\n\t\t<\/div>\n\t\t\t\t<div class=\"elementor-column elementor-col-50 elementor-top-column elementor-element elementor-element-5f585ee9\" data-id=\"5f585ee9\" data-element_type=\"column\">\n\t\t\t<div class=\"elementor-widget-wrap elementor-element-populated\">\n\t\t\t\t\t\t<div class=\"elementor-element elementor-element-2d7bcbf8 elementor-widget elementor-widget-text-editor\" data-id=\"2d7bcbf8\" data-element_type=\"widget\" data-widget_type=\"text-editor.default\">\n\t\t\t\t<div class=\"elementor-widget-container\">\n\t\t\t\t\t\t\t<h3>Tringles et brises vue<\/h3>\t\t\t\t\t\t<\/div>\n\t\t\t\t<\/div>\n\t\t\t\t<div class=\"elementor-element elementor-element-39454416 elementor-widget elementor-widget-text-editor\" data-id=\"39454416\" data-element_type=\"widget\" data-widget_type=\"text-editor.default\">\n\t\t\t\t<div class=\"elementor-widget-container\">\n\t\t\t\t\t\t\t<p>papiers peints, panoramiques, rev\u00eatements muraux et accessoires. Casamance lance deux fois par an des nouvelles collections \u00e9l\u00e9gantes et inspirantes, dans des gammes de couleurs tr\u00e8s riches, une offre compl\u00e8te de d\u00e9coration d&#8217;int\u00e9rieur pour toutes les pi\u00e8ces de la maison. Des tissus unis ou aux dessins g\u00e9om\u00e9triques, abstraits, floraux ou v\u00e9g\u00e9taux, des velours, des lins, des jacquards, des broderies, des voiles, autant de textures riches et raffin\u00e9es, de mati\u00e8res id\u00e9ales pour la confection de rideaux, coussins, fauteuils, canap\u00e9s, mais aussi de stores bateaux, t\u00eates de lits, jet\u00e9s de lits; des papiers peints et panoramiques tr\u00e8s qualitatifs textur\u00e9s, mats ou dot\u00e9s d\u2019effets m\u00e9tallis\u00e9s, aux dessins vari\u00e9s, subtiles et toujours dans l&#8217;air du temps, et des unis intemporels; des rev\u00eatements muraux somptueux d\u00e9velopp\u00e9s avec des mati\u00e8res diversifi\u00e9es comme des feuilles de bananiers, des lins, des pailles, du tissage traditionnel; et depuis 2020 une superbe gamme de coussins aux finitions gracieuses et originales \u00e0 mix &amp; matcher pour sublimer tous les int\u00e9rieurs, de l&#8217;urbain contemporain au chalet \u00e0 la montagne en passant par l&#8217;appartement haussmannien ou la maison de vacances.<\/p>\t\t\t\t\t\t<\/div>\n\t\t\t\t<\/div>\n\t\t\t\t\t<\/div>\n\t\t<\/div>\n\t\t\t\t\t<\/div>\n\t\t<\/section>\n\t\t\t\t<section class=\"elementor-section elementor-top-section elementor-element elementor-element-7f5ab0ad elementor-section-full_width elementor-section-height-default elementor-section-height-default\" data-id=\"7f5ab0ad\" data-element_type=\"section\">\n\t\t\t\t\t\t<div class=\"elementor-container elementor-column-gap-default\">\n\t\t\t\t\t<div class=\"elementor-column elementor-col-50 elementor-top-column elementor-element elementor-element-794cf36d\" data-id=\"794cf36d\" data-element_type=\"column\">\n\t\t\t<div class=\"elementor-widget-wrap elementor-element-populated\">\n\t\t\t\t\t\t<div class=\"elementor-element elementor-element-c22d1b5 elementor-widget elementor-widget-text-editor\" data-id=\"c22d1b5\" data-element_type=\"widget\" data-widget_type=\"text-editor.default\">\n\t\t\t\t<div class=\"elementor-widget-container\">\n\t\t\t\t\t\t\t<h3 style=\"background-color: #f5f5f5; line-height: 1.28571em;\">Outillage<\/h3>\t\t\t\t\t\t<\/div>\n\t\t\t\t<\/div>\n\t\t\t\t<div class=\"elementor-element elementor-element-283937e7 elementor-widget elementor-widget-text-editor\" data-id=\"283937e7\" data-element_type=\"widget\" data-widget_type=\"text-editor.default\">\n\t\t\t\t<div class=\"elementor-widget-container\">\n\t\t\t\t\t\t\t<p>Tout le mat\u00e9riel disponible pour tous vos travaux de d\u00e9coration !<\/p>\t\t\t\t\t\t<\/div>\n\t\t\t\t<\/div>\n\t\t\t\t\t<\/div>\n\t\t<\/div>\n\t\t\t\t<div class=\"elementor-column elementor-col-50 elementor-top-column elementor-element elementor-element-4f84b06a\" data-id=\"4f84b06a\" data-element_type=\"column\">\n\t\t\t<div class=\"elementor-widget-wrap elementor-element-populated\">\n\t\t\t\t\t\t<div class=\"elementor-element elementor-element-2e4dcead elementor-widget elementor-widget-image\" data-id=\"2e4dcead\" data-element_type=\"widget\" data-widget_type=\"image.default\">\n\t\t\t\t<div class=\"elementor-widget-container\">\n\t\t\t\t\t\t\t\t\t\t\t\t\t<img decoding=\"async\" width=\"700\" height=\"800\" src=\"https:\/\/decorcenterliege.com\/wp-content\/uploads\/2023\/06\/outils_plusieurs.jpg\" class=\"attachment-full size-full wp-image-931\" alt=\"\" srcset=\"https:\/\/decorcenterliege.com\/wp-content\/uploads\/2023\/06\/outils_plusieurs.jpg 700w, https:\/\/decorcenterliege.com\/wp-content\/uploads\/2023\/06\/outils_plusieurs-263x300.jpg 263w, https:\/\/decorcenterliege.com\/wp-content\/uploads\/2023\/06\/outils_plusieurs-600x686.jpg 600w\" sizes=\"(max-width: 700px) 100vw, 700px\" \/>\t\t\t\t\t\t\t\t\t\t\t\t\t<\/div>\n\t\t\t\t<\/div>\n\t\t\t\t\t<\/div>\n\t\t<\/div>\n\t\t\t\t\t<\/div>\n\t\t<\/section>\n\t\t\t\t<section class=\"elementor-section elementor-top-section elementor-element elementor-element-d8c1a99 elementor-section-boxed elementor-section-height-default elementor-section-height-default\" data-id=\"d8c1a99\" data-element_type=\"section\">\n\t\t\t\t\t\t<div class=\"elementor-container elementor-column-gap-default\">\n\t\t\t\t\t<div class=\"elementor-column elementor-col-100 elementor-top-column elementor-element elementor-element-6bb8d0f\" data-id=\"6bb8d0f\" data-element_type=\"column\">\n\t\t\t<div class=\"elementor-widget-wrap elementor-element-populated\">\n\t\t\t\t\t\t<div class=\"elementor-element elementor-element-b51bb18 elementor-widget elementor-widget-spacer\" data-id=\"b51bb18\" data-element_type=\"widget\" data-widget_type=\"spacer.default\">\n\t\t\t\t<div class=\"elementor-widget-container\">\n\t\t\t<style>\/*! elementor - v3.22.0 - 26-06-2024 *\/\n.elementor-column .elementor-spacer-inner{height:var(--spacer-size)}.e-con{--container-widget-width:100%}.e-con-inner>.elementor-widget-spacer,.e-con>.elementor-widget-spacer{width:var(--container-widget-width,var(--spacer-size));--align-self:var(--container-widget-align-self,initial);--flex-shrink:0}.e-con-inner>.elementor-widget-spacer>.elementor-widget-container,.e-con>.elementor-widget-spacer>.elementor-widget-container{height:100%;width:100%}.e-con-inner>.elementor-widget-spacer>.elementor-widget-container>.elementor-spacer,.e-con>.elementor-widget-spacer>.elementor-widget-container>.elementor-spacer{height:100%}.e-con-inner>.elementor-widget-spacer>.elementor-widget-container>.elementor-spacer>.elementor-spacer-inner,.e-con>.elementor-widget-spacer>.elementor-widget-container>.elementor-spacer>.elementor-spacer-inner{height:var(--container-widget-height,var(--spacer-size))}.e-con-inner>.elementor-widget-spacer.elementor-widget-empty,.e-con>.elementor-widget-spacer.elementor-widget-empty{position:relative;min-height:22px;min-width:22px}.e-con-inner>.elementor-widget-spacer.elementor-widget-empty .elementor-widget-empty-icon,.e-con>.elementor-widget-spacer.elementor-widget-empty .elementor-widget-empty-icon{position:absolute;top:0;bottom:0;left:0;right:0;margin:auto;padding:0;width:22px;height:22px}<\/style>\t\t<div class=\"elementor-spacer\">\n\t\t\t<div class=\"elementor-spacer-inner\"><\/div>\n\t\t<\/div>\n\t\t\t\t<\/div>\n\t\t\t\t<\/div>\n\t\t\t\t\t<\/div>\n\t\t<\/div>\n\t\t\t\t\t<\/div>\n\t\t<\/section>\n\t\t\t\t<\/div>\n\t\t","protected":false},"excerpt":{"rendered":"<p>Quincaillerie Tringles et brises vue papiers peints, panoramiques, rev\u00eatements muraux et accessoires. Casamance lance deux fois par an des nouvelles collections \u00e9l\u00e9gantes et inspirantes, dans des gammes de couleurs tr\u00e8s riches, une offre compl\u00e8te de d\u00e9coration d&#8217;int\u00e9rieur pour toutes les pi\u00e8ces de la maison. Des&#8230;<\/p>\n","protected":false},"author":1,"featured_media":0,"parent":0,"menu_order":0,"comment_status":"closed","ping_status":"closed","template":"","meta":{"footnotes":""},"class_list":["post-570","page","type-page","status-publish","hentry"],"_links":{"self":[{"href":"https:\/\/decorcenterliege.com\/index.php\/wp-json\/wp\/v2\/pages\/570","targetHints":{"allow":["GET"]}}],"collection":[{"href":"https:\/\/decorcenterliege.com\/index.php\/wp-json\/wp\/v2\/pages"}],"about":[{"href":"https:\/\/decorcenterliege.com\/index.php\/wp-json\/wp\/v2\/types\/page"}],"author":[{"embeddable":true,"href":"https:\/\/decorcenterliege.com\/index.php\/wp-json\/wp\/v2\/users\/1"}],"replies":[{"embeddable":true,"href":"https:\/\/decorcenterliege.com\/index.php\/wp-json\/wp\/v2\/comments?post=570"}],"version-history":[{"count":10,"href":"https:\/\/decorcenterliege.com\/index.php\/wp-json\/wp\/v2\/pages\/570\/revisions"}],"predecessor-version":[{"id":937,"href":"https:\/\/decorcenterliege.com\/index.php\/wp-json\/wp\/v2\/pages\/570\/revisions\/937"}],"wp:attachment":[{"href":"https:\/\/decorcenterliege.com\/index.php\/wp-json\/wp\/v2\/media?parent=570"}],"curies":[{"name":"wp","href":"https:\/\/api.w.org\/{rel}","templated":true}]}}